{"id":7,"date":"2020-03-31T15:45:54","date_gmt":"2020-03-31T13:45:54","guid":{"rendered":"https:\/\/www.jetzt-lernst-du.es\/es\/?page_id=7"},"modified":"2020-04-16T15:08:47","modified_gmt":"2020-04-16T13:08:47","slug":"impressum","status":"publish","type":"page","link":"https:\/\/jetzt-lernst-du.es\/es\/impressum\/","title":{"rendered":"Aviso legal"},"content":{"rendered":"\n<p>El Instituto Cervantes es una instituci\u00f3n creada por el Estado espa\u00f1ol en 1991 para la promoci\u00f3n y la ense\u00f1anza de la lengua espa\u00f1ola, y para la difusi\u00f3n de la cultura espa\u00f1ola e hispanoamericana. Los m\u00e1s de setenta centros en el exterior son entidades jur\u00eddicas p\u00fablicas dependientes y suscritas al Ministerio de Asuntos Exteriores de Espa\u00f1a.<\/p>\n\n\n\n<p>El dise\u00f1o, as\u00ed como los textos, fotograf\u00edas, gr\u00e1ficos o cualquier contenido de este sitio Web est\u00e1n protegidos, sin limitaci\u00f3n alguna, por la legislaci\u00f3n relativa a la propiedad intelectual e industrial. Todos los derechos quedan reservados.<\/p>\n\n\n\n<p>Para m\u00e1s informaci\u00f3n p\u00f3ngase en contacto con nosotros en la siguiente direcci\u00f3n o tel\u00e9fono:<\/p>\n\n\n\n<p><strong>Instituto Cervantes de Berl\u00edn<\/strong><br>Rosenstr. 18<br>D-10178 BERL\u00cdN<br>Tel.: +49 30 257 618-0<br>Fax: +49 30 257 618-21<br>Correo electr\u00f3nico: <a href=\"mailto:berlin@cervantes.es\">berlin@cervantes.es<\/a>                 <\/p>\n","protected":false},"excerpt":{"rendered":"<p>El Instituto Cervantes es una instituci\u00f3n creada por el Estado espa\u00f1ol en 1991 para la promoci\u00f3n y la ense\u00f1anza de la lengua espa\u00f1ola, y para la difusi\u00f3n de la cultura espa\u00f1ola e hispanoamericana. Los m\u00e1s de setenta centros en el exterior son entidades jur\u00eddicas p\u00fablicas dependientes y suscritas al Ministerio de Asuntos Exteriores de Espa\u00f1a. [&hellip;]<\/p>\n","protected":false},"author":1,"featured_media":0,"parent":0,"menu_order":0,"comment_status":"closed","ping_status":"closed","template":"template-text.php","meta":{"_acf_changed":false,"_seopress_robots_primary_cat":"","_seopress_titles_title":"","_seopress_titles_desc":"","_seopress_robots_index":"","footnotes":""},"class_list":["post-7","page","type-page","status-publish","hentry"],"acf":[],"_links":{"self":[{"href":"https:\/\/jetzt-lernst-du.es\/es\/wp-json\/wp\/v2\/pages\/7","targetHints":{"allow":["GET"]}}],"collection":[{"href":"https:\/\/jetzt-lernst-du.es\/es\/wp-json\/wp\/v2\/pages"}],"about":[{"href":"https:\/\/jetzt-lernst-du.es\/es\/wp-json\/wp\/v2\/types\/page"}],"author":[{"embeddable":true,"href":"https:\/\/jetzt-lernst-du.es\/es\/wp-json\/wp\/v2\/users\/1"}],"replies":[{"embeddable":true,"href":"https:\/\/jetzt-lernst-du.es\/es\/wp-json\/wp\/v2\/comments?post=7"}],"version-history":[{"count":3,"href":"https:\/\/jetzt-lernst-du.es\/es\/wp-json\/wp\/v2\/pages\/7\/revisions"}],"predecessor-version":[{"id":85,"href":"https:\/\/jetzt-lernst-du.es\/es\/wp-json\/wp\/v2\/pages\/7\/revisions\/85"}],"wp:attachment":[{"href":"https:\/\/jetzt-lernst-du.es\/es\/wp-json\/wp\/v2\/media?parent=7"}],"curies":[{"name":"wp","href":"https:\/\/api.w.org\/{rel}","templated":true}]}}